{"id":1857,"date":"2025-02-10T15:24:25","date_gmt":"2025-02-10T15:24:25","guid":{"rendered":"https:\/\/csl-group.cloud\/es\/?page_id=1857"},"modified":"2025-03-20T15:35:58","modified_gmt":"2025-03-20T15:35:58","slug":"csl-sims","status":"publish","type":"page","link":"https:\/\/csl-group.cloud\/es\/guias-sim\/csl-sims\/","title":{"rendered":"CSL SIMs"},"content":{"rendered":"\n<section class=\"page-title\">\n    <div class=\"page-title__inner\">\n        <div class=\"container\">\n            <nav class=\"breadcrumbs\" aria-label=\"Breadcrumb\" data-aos=\"fade-up\">\n                <ul class=\"breadcrumbs__wrapper\" itemscope itemtype=\"https:\/\/schema.org\/BreadcrumbList\">\n                    <!-- Home Breadcrumb -->\n                    <li class=\"home\" itemprop=\"itemListElement\" itemscope itemtype=\"https:\/\/schema.org\/ListItem\">\n                        <a href=\"https:\/\/csl-group.cloud\/es\" aria-label=\"Home\" itemprop=\"item\">\n                            <svg xmlns=\"http:\/\/www.w3.org\/2000\/svg\" xmlns:xlink=\"http:\/\/www.w3.org\/1999\/xlink\" width=\"13.811\" height=\"15.838\" viewBox=\"0 0 13.811 15.838\" fill=\"currentColor\">\n  <defs>\n    <clipPath id=\"clip-path\">\n      <rect id=\"Rectangle_25008\" data-name=\"Rectangle 25008\" width=\"13.811\" height=\"15.838\" fill=\"#e31522\"\/>\n    <\/clipPath>\n  <\/defs>\n  <g id=\"Group_47829\" data-name=\"Group 47829\" clip-path=\"url(#clip-path)\">\n    <path id=\"Path_31203\" data-name=\"Path 31203\" d=\"M81.05,215.744H72.43a.3.3,0,0,1-.3-.3v-7.194a.3.3,0,1,1,.6,0v6.894h8.021v-6.894a.3.3,0,1,1,.6,0v7.194a.3.3,0,0,1-.3.3\" transform=\"translate(-69.835 -201.331)\" fill=\"#e31522\"\/>\n    <path id=\"Path_31204\" data-name=\"Path 31204\" d=\"M30.832,173.831H18.8a.3.3,0,0,1-.3-.3V163.488a.3.3,0,1,1,.6,0v9.744H30.532v-9.744a.3.3,0,1,1,.6,0v10.044a.3.3,0,0,1-.3.3\" transform=\"translate(-17.909 -157.993)\" fill=\"#e31522\"\/>\n    <path id=\"Path_31205\" data-name=\"Path 31205\" d=\"M13.512,6.118a.3.3,0,0,1-.192-.07L6.923.69.491,6.049a.3.3,0,0,1-.383-.461L6.732.069a.3.3,0,0,1,.384,0L13.7,5.589a.3.3,0,0,1-.192.53\" transform=\"translate(0 0)\" fill=\"#e31522\"\/>\n    <path id=\"Path_31206\" data-name=\"Path 31206\" d=\"M64.109,103.75a.3.3,0,0,1-.18-.539l4.587-3.455a.3.3,0,0,1,.361,0l4.562,3.456a.3.3,0,0,1-.361.478L68.7,100.37l-4.407,3.319a.3.3,0,0,1-.18.06\" transform=\"translate(-61.778 -96.521)\" fill=\"#e31522\"\/>\n  <\/g>\n<\/svg>                            <span class=\"sr-only\" itemprop=\"name\">Home<\/span>\n                        <\/a>\n                        <meta itemprop=\"position\" content=\"1\" \/>\n                    <\/li>\n\n                                                <li aria-hidden=\"true\"><svg xmlns=\"http:\/\/www.w3.org\/2000\/svg\" width=\"10.012\" height=\"6.934\" viewBox=\"0 0 10.012 6.934\" fill=\"currentColor\">\n  <g id=\"Group_47831\" data-name=\"Group 47831\" transform=\"translate(-575 -958)\">\n    <path id=\"Line_17\" data-name=\"Line 17\" d=\"M8.1-.668h-9.18A.416.416,0,0,1-1.5-1.084.416.416,0,0,1-1.084-1.5H8.1a.416.416,0,0,1,.416.416A.416.416,0,0,1,8.1-.668Z\" transform=\"translate(576.5 962.551)\" fill=\"currentColor\"\/>\n    <path id=\"Line_18\" data-name=\"Line 18\" d=\"M2.244,2.383a.414.414,0,0,1-.281-.109L-1.365-.777a.416.416,0,0,1-.026-.588A.416.416,0,0,1-.8-1.391L2.525,1.66a.416.416,0,0,1-.281.723Z\" transform=\"translate(582.352 959.5)\" fill=\"currentColor\"\/>\n    <path id=\"Line_19\" data-name=\"Line 19\" d=\"M-1.084,2.383a.415.415,0,0,1-.307-.135.416.416,0,0,1,.026-.588L1.963-1.391a.416.416,0,0,1,.588.026.416.416,0,0,1-.026.588L-.8,2.273A.415.415,0,0,1-1.084,2.383Z\" transform=\"translate(582.352 962.551)\" fill=\"currentColor\"\/>\n  <\/g>\n<\/svg><\/li>\n                            <li itemprop=\"itemListElement\" itemscope itemtype=\"https:\/\/schema.org\/ListItem\">\n                                <a href=\"https:\/\/csl-group.cloud\/es\/guias-sim\/\" class=\"text-secondary\" itemprop=\"item\">\n                                    <span itemprop=\"name\">Gu\u00edas de SIM<\/span>\n                                <\/a>\n                                <meta itemprop=\"position\" content=\"2\" \/>\n                            <\/li>\n                        \n                        <!-- Current Page -->\n                        <li aria-hidden=\"true\"><svg xmlns=\"http:\/\/www.w3.org\/2000\/svg\" width=\"10.012\" height=\"6.934\" viewBox=\"0 0 10.012 6.934\" fill=\"currentColor\">\n  <g id=\"Group_47831\" data-name=\"Group 47831\" transform=\"translate(-575 -958)\">\n    <path id=\"Line_17\" data-name=\"Line 17\" d=\"M8.1-.668h-9.18A.416.416,0,0,1-1.5-1.084.416.416,0,0,1-1.084-1.5H8.1a.416.416,0,0,1,.416.416A.416.416,0,0,1,8.1-.668Z\" transform=\"translate(576.5 962.551)\" fill=\"currentColor\"\/>\n    <path id=\"Line_18\" data-name=\"Line 18\" d=\"M2.244,2.383a.414.414,0,0,1-.281-.109L-1.365-.777a.416.416,0,0,1-.026-.588A.416.416,0,0,1-.8-1.391L2.525,1.66a.416.416,0,0,1-.281.723Z\" transform=\"translate(582.352 959.5)\" fill=\"currentColor\"\/>\n    <path id=\"Line_19\" data-name=\"Line 19\" d=\"M-1.084,2.383a.415.415,0,0,1-.307-.135.416.416,0,0,1,.026-.588L1.963-1.391a.416.416,0,0,1,.588.026.416.416,0,0,1-.026.588L-.8,2.273A.415.415,0,0,1-1.084,2.383Z\" transform=\"translate(582.352 962.551)\" fill=\"currentColor\"\/>\n  <\/g>\n<\/svg><\/li>\n                        <li itemprop=\"itemListElement\" itemscope itemtype=\"https:\/\/schema.org\/ListItem\">\n                            <span itemprop=\"name\" aria-current=\"page\">CSL SIMs<\/span>\n                            <meta itemprop=\"position\" content=\"3\" \/>\n                        <\/li>\n                                    <\/ul>\n            <\/nav>\n\n            <div class=\"page-title__wrapper\" data-aos=\"fade-up\">\n                <div class=\"page-title__left\">\n                                                                <h1 class=\"page-title__title\" id=\"page-title\">CSL SIMs<\/h1>\n                                    <\/div>\n                            <\/div>\n        <\/div>\n    <\/div>\n<\/section>\n\n\n\n<section class=\"simple-text\" data-aos=\"fade-up\">\n    <div class=\"simple-text__inner pt-0\">\n        <div class=\"container\">\n            <div class=\"simple-text__wrapper\">\n                <div class=\"simple-text__content text-left\">\n                                                                        <h2 class=\"h2\">Introducci\u00f3n<\/h2>\n                                                                                        <div class=\"simple-text__content-text\">\n                            <p>Esta tarjeta SIM est\u00e1 lista para ser utilizada y te permitir\u00e1 conectar tu dispositivo a internet, sin embargo, para un uso continuado necesitar\u00e1s activar la SIM.<\/p>\n<p>Visita <a href=\"https:\/\/plataforma.csl-group.es\/\">CSL IoT Plataforma<\/a> para activar tu tarjeta SIM utilizando el ICCID.<\/p>\n<p>Ten en cuenta que las nuevas empresas deben ponerse en contacto con CSL para crear una cuenta.<\/p>\n                        <\/div>\n                                                                <div class=\"simple-text__cta\">\n                            <a href=\"https:\/\/csl-group.cloud\/es\/contacto\/\" class=\"button \"  role=\"button\" aria-label=\"Cont\u00e1ctanos\">Cont\u00e1ctanos<\/a>                        <\/div>\n                                    <\/div>\n            <\/div>\n        <\/div>\n    <\/div>\n<\/section>\n\n\n<section class=\"simple-text\" data-aos=\"fade-up\">\n    <div class=\"simple-text__inner pt-0\">\n        <div class=\"container\">\n            <div class=\"simple-text__wrapper\">\n                <div class=\"simple-text__content text-left\">\n                                                                        <h2 class=\"h2\">Soluci\u00f3n de Problemas<\/h2>\n                                                                                        <div class=\"simple-text__content-text\">\n                            <p><strong>Dispositivo<\/strong> &#8211; Comprueba que has seguido correctamente las instrucciones de instalaci\u00f3n.<\/p>\n<p><strong>SIM<\/strong> &#8211; Comprueba que la SIM est\u00e1 correctamente colocada en el dispositivo.<\/p>\n<p><strong>La SIM no se registra en l\u00ednea<\/strong> &#8211; Aseg\u00farate de haber seguido el paso 5 (como se indica m\u00e1s arriba) y de haber salido completamente del men\u00fa Cellular, despu\u00e9s de activar todos los ajustes del m\u00f3dem.<\/p>\n<p><strong>Red<\/strong> &#8211; Utiliza un analizador de se\u00f1al CSL para determinar si hay una se\u00f1al m\u00f3vil adecuada en la zona. Si el dispositivo sigue sin registrarse en una red, p\u00f3ngase en contacto con el Soporte T\u00e9cnico de CSL como se indica a continuaci\u00f3n.<\/p>\n<p>Tambi\u00e9n puedes ponerte en contacto con nuestro equipo de Soporte T\u00e9cnico llamando al <a href=\"tel:960700730\">+34 960 700 730<\/a> o escribiendo a <a href=\"mailto:soporte@csl-group.es\">soporte@csl-group.es<\/a>. Ten a mano los datos de la tarjeta SIM.<\/p>\n                        <\/div>\n                                                        <\/div>\n            <\/div>\n        <\/div>\n    <\/div>\n<\/section>","protected":false},"excerpt":{"rendered":"","protected":false},"author":1,"featured_media":0,"parent":1785,"menu_order":0,"comment_status":"closed","ping_status":"closed","template":"","meta":{"_acf_changed":false,"footnotes":""},"class_list":["post-1857","page","type-page","status-publish","hentry"],"acf":[],"yoast_head":"<!-- This site is optimized with the Yoast SEO plugin v24.6 - https:\/\/yoast.com\/wordpress\/plugins\/seo\/ -->\n<title>CSL SIMs - CSL ES<\/title>\n<meta name=\"robots\" content=\"noindex, follow, max-snippet:-1, max-image-preview:large, max-video-preview:-1\" \/>\n<meta property=\"og:locale\" content=\"en_US\" \/>\n<meta property=\"og:type\" content=\"article\" \/>\n<meta property=\"og:title\" content=\"CSL SIMs - CSL ES\" \/>\n<meta property=\"og:url\" content=\"https:\/\/csl-group.cloud\/es\/guias-sim\/csl-sims\/\" \/>\n<meta property=\"og:site_name\" content=\"CSL ES\" \/>\n<meta property=\"article:modified_time\" content=\"2025-03-20T15:35:58+00:00\" \/>\n<meta name=\"twitter:card\" content=\"summary_large_image\" \/>\n<script type=\"application\/ld+json\" class=\"yoast-schema-graph\">{\"@context\":\"https:\/\/schema.org\",\"@graph\":[{\"@type\":\"WebPage\",\"@id\":\"https:\/\/csl-group.cloud\/es\/guias-sim\/csl-sims\/\",\"url\":\"https:\/\/csl-group.cloud\/es\/guias-sim\/csl-sims\/\",\"name\":\"CSL SIMs - CSL ES\",\"isPartOf\":{\"@id\":\"https:\/\/csl-group.cloud\/es\/#website\"},\"datePublished\":\"2025-02-10T15:24:25+00:00\",\"dateModified\":\"2025-03-20T15:35:58+00:00\",\"breadcrumb\":{\"@id\":\"https:\/\/csl-group.cloud\/es\/guias-sim\/csl-sims\/#breadcrumb\"},\"inLanguage\":\"en-US\",\"potentialAction\":[{\"@type\":\"ReadAction\",\"target\":[\"https:\/\/csl-group.cloud\/es\/guias-sim\/csl-sims\/\"]}]},{\"@type\":\"BreadcrumbList\",\"@id\":\"https:\/\/csl-group.cloud\/es\/guias-sim\/csl-sims\/#breadcrumb\",\"itemListElement\":[{\"@type\":\"ListItem\",\"position\":1,\"name\":\"Home\",\"item\":\"https:\/\/csl-group.cloud\/es\/\"},{\"@type\":\"ListItem\",\"position\":2,\"name\":\"Gu\u00edas de SIM\",\"item\":\"https:\/\/csl-group.cloud\/es\/guias-sim\/\"},{\"@type\":\"ListItem\",\"position\":3,\"name\":\"CSL SIMs\"}]},{\"@type\":\"WebSite\",\"@id\":\"https:\/\/csl-group.cloud\/es\/#website\",\"url\":\"https:\/\/csl-group.cloud\/es\/\",\"name\":\"CSL\",\"description\":\"\",\"potentialAction\":[{\"@type\":\"SearchAction\",\"target\":{\"@type\":\"EntryPoint\",\"urlTemplate\":\"https:\/\/csl-group.cloud\/es\/?s={search_term_string}\"},\"query-input\":{\"@type\":\"PropertyValueSpecification\",\"valueRequired\":true,\"valueName\":\"search_term_string\"}}],\"inLanguage\":\"en-US\"}]}<\/script>\n<!-- \/ Yoast SEO plugin. -->","yoast_head_json":{"title":"CSL SIMs - CSL ES","robots":{"index":"noindex","follow":"follow","max-snippet":"max-snippet:-1","max-image-preview":"max-image-preview:large","max-video-preview":"max-video-preview:-1"},"og_locale":"en_US","og_type":"article","og_title":"CSL SIMs - CSL ES","og_url":"https:\/\/csl-group.cloud\/es\/guias-sim\/csl-sims\/","og_site_name":"CSL ES","article_modified_time":"2025-03-20T15:35:58+00:00","twitter_card":"summary_large_image","schema":{"@context":"https:\/\/schema.org","@graph":[{"@type":"WebPage","@id":"https:\/\/csl-group.cloud\/es\/guias-sim\/csl-sims\/","url":"https:\/\/csl-group.cloud\/es\/guias-sim\/csl-sims\/","name":"CSL SIMs - CSL ES","isPartOf":{"@id":"https:\/\/csl-group.cloud\/es\/#website"},"datePublished":"2025-02-10T15:24:25+00:00","dateModified":"2025-03-20T15:35:58+00:00","breadcrumb":{"@id":"https:\/\/csl-group.cloud\/es\/guias-sim\/csl-sims\/#breadcrumb"},"inLanguage":"en-US","potentialAction":[{"@type":"ReadAction","target":["https:\/\/csl-group.cloud\/es\/guias-sim\/csl-sims\/"]}]},{"@type":"BreadcrumbList","@id":"https:\/\/csl-group.cloud\/es\/guias-sim\/csl-sims\/#breadcrumb","itemListElement":[{"@type":"ListItem","position":1,"name":"Home","item":"https:\/\/csl-group.cloud\/es\/"},{"@type":"ListItem","position":2,"name":"Gu\u00edas de SIM","item":"https:\/\/csl-group.cloud\/es\/guias-sim\/"},{"@type":"ListItem","position":3,"name":"CSL SIMs"}]},{"@type":"WebSite","@id":"https:\/\/csl-group.cloud\/es\/#website","url":"https:\/\/csl-group.cloud\/es\/","name":"CSL","description":"","potentialAction":[{"@type":"SearchAction","target":{"@type":"EntryPoint","urlTemplate":"https:\/\/csl-group.cloud\/es\/?s={search_term_string}"},"query-input":{"@type":"PropertyValueSpecification","valueRequired":true,"valueName":"search_term_string"}}],"inLanguage":"en-US"}]}},"_links":{"self":[{"href":"https:\/\/csl-group.cloud\/es\/wp-json\/wp\/v2\/pages\/1857","targetHints":{"allow":["GET"]}}],"collection":[{"href":"https:\/\/csl-group.cloud\/es\/wp-json\/wp\/v2\/pages"}],"about":[{"href":"https:\/\/csl-group.cloud\/es\/wp-json\/wp\/v2\/types\/page"}],"author":[{"embeddable":true,"href":"https:\/\/csl-group.cloud\/es\/wp-json\/wp\/v2\/users\/1"}],"replies":[{"embeddable":true,"href":"https:\/\/csl-group.cloud\/es\/wp-json\/wp\/v2\/comments?post=1857"}],"version-history":[{"count":9,"href":"https:\/\/csl-group.cloud\/es\/wp-json\/wp\/v2\/pages\/1857\/revisions"}],"predecessor-version":[{"id":3914,"href":"https:\/\/csl-group.cloud\/es\/wp-json\/wp\/v2\/pages\/1857\/revisions\/3914"}],"up":[{"embeddable":true,"href":"https:\/\/csl-group.cloud\/es\/wp-json\/wp\/v2\/pages\/1785"}],"wp:attachment":[{"href":"https:\/\/csl-group.cloud\/es\/wp-json\/wp\/v2\/media?parent=1857"}],"curies":[{"name":"wp","href":"https:\/\/api.w.org\/{rel}","templated":true}]}}