{"id":3702,"date":"2025-03-14T15:48:10","date_gmt":"2025-03-14T15:48:10","guid":{"rendered":"https:\/\/csl-group.cloud\/es\/?page_id=3702"},"modified":"2025-03-14T16:06:47","modified_gmt":"2025-03-14T16:06:47","slug":"terminos-de-la-web","status":"publish","type":"page","link":"https:\/\/csl-group.cloud\/es\/terminos-de-la-web\/","title":{"rendered":"T\u00e9rminos de la Web"},"content":{"rendered":"\n<section class=\"simple-text\" data-aos=\"fade-up\">\n    <div class=\"simple-text__inner\">\n        <div class=\"container--large\">\n            <div class=\"simple-text__wrapper\">\n                <div class=\"simple-text__content text-left\">\n                                                                <div class=\"simple-text__content-text\">\n                            <p>\u00daltima revisi\u00f3n en March 2023<\/p>\n<p>\u00a9 Copyright CSL DualCom. 2023. Todos los derechos reservados.<\/p>\n<p><strong>Introducci\u00f3n<br \/>\n<\/strong>Este es el sitio web oficial de CSL DualCom. Nuestro sitio web est\u00e1 destinado a proporcionar informaci\u00f3n gratuita sobre CSL DualCom. Al utilizar este sitio web, usted est\u00e1 aceptando los siguientes t\u00e9rminos y condiciones &#8211; por favor, l\u00e9alos cuidadosamente. Si no desea aceptar estos t\u00e9rminos y condiciones, le sugerimos que no utilice este sitio.\u00a0CSL DualCom se reserva el derecho de modificar el contenido de este sitio web en cualquier momento.<\/p>\n<p><strong>Acceso a nuestro sitio web<br \/>\n<\/strong>Aunque hemos puesto todo el cuidado en la elaboraci\u00f3n del contenido de nuestro sitio, no podemos garantizar un acceso ininterrumpido y totalmente fiable al mismo. Por lo tanto, no podemos garantizar que la informaci\u00f3n est\u00e9 siempre actualizada y libre de errores. No aceptamos ninguna responsabilidad por la imposibilidad de acceder a nuestro sitio por circunstancias ajenas a nuestro control razonable, ya que el acceso a nuestro sitio web depende de la disponibilidad de la red mundial. De vez en cuando, nuestro sitio puede contener enlaces hacia y desde sitios web de terceros. Si sigue un enlace, tenga en cuenta que estos sitios tienen sus propias pol\u00edticas de privacidad y estar\u00e1n sujetos a t\u00e9rminos y condiciones separados, y no aceptamos la responsabilidad de estos sitios.<\/p>\n<p><strong>Uso no autorizado de nuestro sitio web<\/strong><\/p>\n<div>\n<ul>\n<li><strong>Enviar cualquier informaci\u00f3n que sea obscena, amenazante, que incite al odio o abusiva.<\/strong><\/li>\n<li><span class=\"_2fQ3Xj8U _2QBU0YsX\">Introducir cualquiera, pero no limitado a; cgi scripts, im\u00e1genes, c\u00f3digo html o cualquier otra parte de este sitio est\u00e1 estrictamente prohibido<\/span><\/li>\n<li>Se proh\u00edbe interferir con el servicio del sitio, incluyendo flooding, mailing, hacking, crashing o modificaci\u00f3n del contenido del sitio<\/li>\n<li>No dirigir o redirigir nuestro sitio web y el material relacionado a trav\u00e9s de cualquier correo electr\u00f3nico no solicitado a este sitio<\/li>\n<\/ul>\n<p><strong>Exclusi\u00f3n de Responsabilidad<br \/>\n<\/strong>Toda la informaci\u00f3n e im\u00e1genes contenidas en este sitio web se consideran veraces y precisas. Los comentarios y otros materiales publicados en nuestro sitio web se facilitan \u00fanicamente con fines de informaci\u00f3n general y no est\u00e1n destinados a que usted se f\u00ede de ellos, a menos que CSL DualCom lo confirme por escrito. No garantizamos que el material descargado y\/o consultado a trav\u00e9s de nuestro sitio web est\u00e9 libre de virus, por lo que usted debe de utilizar el software de protecci\u00f3n antivirus m\u00e1s actualizado en todo momento.<\/p>\n<p><strong>Copyright<\/strong><br \/>\nTodo el material est\u00e1 creado por nosotros, desde los gr\u00e1ficos, im\u00e1genes, logotipos y datos hasta el c\u00f3digo html, y pertenece a CSL DualCom. La reproducci\u00f3n, adaptaci\u00f3n o modificaci\u00f3n de todo o parte de estos contenidos est\u00e1 estrictamente prohibida sin el permiso escrito de CSL DualCom. Todos los materiales publicados son de nuestra propiedad o tienen licencia.<\/p>\n<\/div>\n<p><strong>Contribuciones<br \/>\n<\/strong>Cuando se le invita a contribuir a este sitio, como por ejemplo un &#8220;blog&#8221;, usted concede a CSL DualCom una licencia para utilizar y crear cualquier trabajo derivado para cualquier prop\u00f3sito. No env\u00ede ninguna contribuci\u00f3n a nuestro sitio si no desea conceder tales derechos.<\/p>\n<p><strong>Privacidad<br \/>\n<\/strong>Podemos recopilar informaci\u00f3n sobre usted cuando solicite cualquier informaci\u00f3n sobre nosotros o nuestros servicios, o env\u00ede sus datos personales y\/o complete cualquier formulario en este sitio web. Toda la informaci\u00f3n o los datos que pueda proporcionar a CSL DualCom en cualquier momento se tratar\u00e1n de forma confidencial y no se comercializar\u00e1n, vender\u00e1n ni alquilar\u00e1n a terceros, pero toda la informaci\u00f3n se proporciona bajo su propia responsabilidad, ya que no podemos garantizar la seguridad de los datos transmitidos a nuestro sitio. Esta informaci\u00f3n puede incluir datos de contacto, la cumplimentaci\u00f3n de formularios de solicitud de puestos de trabajo o la petici\u00f3n de m\u00e1s informaci\u00f3n sobre nuestros servicios. Esta informaci\u00f3n s\u00f3lo se divulgar\u00e1 en la medida en que lo exija la legislaci\u00f3n inglesa.<\/p>\n<p>Las cookies son peque\u00f1as piezas de informaci\u00f3n que se almacenan en su ordenador y que sirven para identificarle, incluyendo su direcci\u00f3n IP, sistema operativo y tipo de navegador. Podemos utilizar las cookies para rastrear las \u00e1reas del sitio que usted ha visitado, as\u00ed como para automatizar ciertas funciones del sitio web y proporcionarle informaci\u00f3n sobre su cuenta.\u00a0CSL DualCom puede utilizar esta informaci\u00f3n para ponerse en contacto con usted o con su empresa de vez en cuando para informarle de los servicios que pueden ser de su inter\u00e9s o para procesar cualquier solicitud presentada por usted en relaci\u00f3n con un puesto de trabajo (podemos conservar los detalles de las solicitudes con el fin de examinar futuras solicitudes). Si desea que sus datos sean eliminados de nuestro almac\u00e9n de informaci\u00f3n, p\u00f3ngase en contacto con nosotros por tel\u00e9fono, correo electr\u00f3nico o carta.<\/p>\n<p><strong>Legal<br \/>\n<\/strong>Estos T\u00e9rminos y Condiciones y todos los dem\u00e1s t\u00e9rminos indicados contenidos en el presente documento\u00a0se regir\u00e1n e interpretar\u00e1n de acuerdo con las leyes de Inglaterra.<\/p>\n<p><strong>M\u00e1s informaci\u00f3n<br \/>\n<\/strong>Por favor, si tiene alguna duda sobre el material que aparece en nuestro sitio web, p\u00f3ngase en contacto con nosotros\u00a0contacto.<\/p>\n                        <\/div>\n                                                                <div class=\"simple-text__cta\">\n                            <a href=\"https:\/\/csl-group.cloud\/es\/contacto\/\" class=\"button \"  role=\"button\" aria-label=\"Cont\u00e1ctanos\">Cont\u00e1ctanos<\/a>                        <\/div>\n                                    <\/div>\n            <\/div>\n        <\/div>\n    <\/div>\n<\/section>","protected":false},"excerpt":{"rendered":"","protected":false},"author":6,"featured_media":0,"parent":0,"menu_order":0,"comment_status":"closed","ping_status":"closed","template":"","meta":{"_acf_changed":false,"footnotes":""},"class_list":["post-3702","page","type-page","status-publish","hentry"],"acf":[],"yoast_head":"<!-- This site is optimized with the Yoast SEO plugin v24.6 - https:\/\/yoast.com\/wordpress\/plugins\/seo\/ -->\n<title>T\u00e9rminos y Condiciones del Sitio Web | CSL Group<\/title>\n<meta name=\"description\" content=\"Consulte los t\u00e9rminos y condiciones de uso del sitio web de CSL Group. Conozca sus derechos, responsabilidades y el uso del sitio.\" \/>\n<meta name=\"robots\" content=\"noindex, follow, max-snippet:-1, max-image-preview:large, max-video-preview:-1\" \/>\n<meta property=\"og:locale\" content=\"en_US\" \/>\n<meta property=\"og:type\" content=\"article\" \/>\n<meta property=\"og:title\" content=\"T\u00e9rminos y Condiciones del Sitio Web | CSL Group\" \/>\n<meta property=\"og:description\" content=\"Consulte los t\u00e9rminos y condiciones de uso del sitio web de CSL Group. Conozca sus derechos, responsabilidades y el uso del sitio.\" \/>\n<meta property=\"og:url\" content=\"https:\/\/csl-group.cloud\/es\/terminos-de-la-web\/\" \/>\n<meta property=\"og:site_name\" content=\"CSL ES\" \/>\n<meta property=\"article:modified_time\" content=\"2025-03-14T16:06:47+00:00\" \/>\n<meta name=\"twitter:card\" content=\"summary_large_image\" \/>\n<script type=\"application\/ld+json\" class=\"yoast-schema-graph\">{\"@context\":\"https:\/\/schema.org\",\"@graph\":[{\"@type\":\"WebPage\",\"@id\":\"https:\/\/csl-group.cloud\/es\/terminos-de-la-web\/\",\"url\":\"https:\/\/csl-group.cloud\/es\/terminos-de-la-web\/\",\"name\":\"T\u00e9rminos y Condiciones del Sitio Web | CSL Group\",\"isPartOf\":{\"@id\":\"https:\/\/csl-group.cloud\/es\/#website\"},\"datePublished\":\"2025-03-14T15:48:10+00:00\",\"dateModified\":\"2025-03-14T16:06:47+00:00\",\"description\":\"Consulte los t\u00e9rminos y condiciones de uso del sitio web de CSL Group. Conozca sus derechos, responsabilidades y el uso del sitio.\",\"breadcrumb\":{\"@id\":\"https:\/\/csl-group.cloud\/es\/terminos-de-la-web\/#breadcrumb\"},\"inLanguage\":\"en-US\",\"potentialAction\":[{\"@type\":\"ReadAction\",\"target\":[\"https:\/\/csl-group.cloud\/es\/terminos-de-la-web\/\"]}]},{\"@type\":\"BreadcrumbList\",\"@id\":\"https:\/\/csl-group.cloud\/es\/terminos-de-la-web\/#breadcrumb\",\"itemListElement\":[{\"@type\":\"ListItem\",\"position\":1,\"name\":\"Home\",\"item\":\"https:\/\/csl-group.cloud\/es\/\"},{\"@type\":\"ListItem\",\"position\":2,\"name\":\"T\u00e9rminos de la Web\"}]},{\"@type\":\"WebSite\",\"@id\":\"https:\/\/csl-group.cloud\/es\/#website\",\"url\":\"https:\/\/csl-group.cloud\/es\/\",\"name\":\"CSL\",\"description\":\"\",\"potentialAction\":[{\"@type\":\"SearchAction\",\"target\":{\"@type\":\"EntryPoint\",\"urlTemplate\":\"https:\/\/csl-group.cloud\/es\/?s={search_term_string}\"},\"query-input\":{\"@type\":\"PropertyValueSpecification\",\"valueRequired\":true,\"valueName\":\"search_term_string\"}}],\"inLanguage\":\"en-US\"}]}<\/script>\n<!-- \/ Yoast SEO plugin. -->","yoast_head_json":{"title":"T\u00e9rminos y Condiciones del Sitio Web | CSL Group","description":"Consulte los t\u00e9rminos y condiciones de uso del sitio web de CSL Group. Conozca sus derechos, responsabilidades y el uso del sitio.","robots":{"index":"noindex","follow":"follow","max-snippet":"max-snippet:-1","max-image-preview":"max-image-preview:large","max-video-preview":"max-video-preview:-1"},"og_locale":"en_US","og_type":"article","og_title":"T\u00e9rminos y Condiciones del Sitio Web | CSL Group","og_description":"Consulte los t\u00e9rminos y condiciones de uso del sitio web de CSL Group. Conozca sus derechos, responsabilidades y el uso del sitio.","og_url":"https:\/\/csl-group.cloud\/es\/terminos-de-la-web\/","og_site_name":"CSL ES","article_modified_time":"2025-03-14T16:06:47+00:00","twitter_card":"summary_large_image","schema":{"@context":"https:\/\/schema.org","@graph":[{"@type":"WebPage","@id":"https:\/\/csl-group.cloud\/es\/terminos-de-la-web\/","url":"https:\/\/csl-group.cloud\/es\/terminos-de-la-web\/","name":"T\u00e9rminos y Condiciones del Sitio Web | CSL Group","isPartOf":{"@id":"https:\/\/csl-group.cloud\/es\/#website"},"datePublished":"2025-03-14T15:48:10+00:00","dateModified":"2025-03-14T16:06:47+00:00","description":"Consulte los t\u00e9rminos y condiciones de uso del sitio web de CSL Group. Conozca sus derechos, responsabilidades y el uso del sitio.","breadcrumb":{"@id":"https:\/\/csl-group.cloud\/es\/terminos-de-la-web\/#breadcrumb"},"inLanguage":"en-US","potentialAction":[{"@type":"ReadAction","target":["https:\/\/csl-group.cloud\/es\/terminos-de-la-web\/"]}]},{"@type":"BreadcrumbList","@id":"https:\/\/csl-group.cloud\/es\/terminos-de-la-web\/#breadcrumb","itemListElement":[{"@type":"ListItem","position":1,"name":"Home","item":"https:\/\/csl-group.cloud\/es\/"},{"@type":"ListItem","position":2,"name":"T\u00e9rminos de la Web"}]},{"@type":"WebSite","@id":"https:\/\/csl-group.cloud\/es\/#website","url":"https:\/\/csl-group.cloud\/es\/","name":"CSL","description":"","potentialAction":[{"@type":"SearchAction","target":{"@type":"EntryPoint","urlTemplate":"https:\/\/csl-group.cloud\/es\/?s={search_term_string}"},"query-input":{"@type":"PropertyValueSpecification","valueRequired":true,"valueName":"search_term_string"}}],"inLanguage":"en-US"}]}},"_links":{"self":[{"href":"https:\/\/csl-group.cloud\/es\/wp-json\/wp\/v2\/pages\/3702","targetHints":{"allow":["GET"]}}],"collection":[{"href":"https:\/\/csl-group.cloud\/es\/wp-json\/wp\/v2\/pages"}],"about":[{"href":"https:\/\/csl-group.cloud\/es\/wp-json\/wp\/v2\/types\/page"}],"author":[{"embeddable":true,"href":"https:\/\/csl-group.cloud\/es\/wp-json\/wp\/v2\/users\/6"}],"replies":[{"embeddable":true,"href":"https:\/\/csl-group.cloud\/es\/wp-json\/wp\/v2\/comments?post=3702"}],"version-history":[{"count":1,"href":"https:\/\/csl-group.cloud\/es\/wp-json\/wp\/v2\/pages\/3702\/revisions"}],"predecessor-version":[{"id":3703,"href":"https:\/\/csl-group.cloud\/es\/wp-json\/wp\/v2\/pages\/3702\/revisions\/3703"}],"wp:attachment":[{"href":"https:\/\/csl-group.cloud\/es\/wp-json\/wp\/v2\/media?parent=3702"}],"curies":[{"name":"wp","href":"https:\/\/api.w.org\/{rel}","templated":true}]}}